{"id":155,"date":"2020-07-15T17:34:24","date_gmt":"2020-07-15T15:34:24","guid":{"rendered":"http:\/\/madeinartsa.ch\/?page_id=155"},"modified":"2020-07-16T08:35:58","modified_gmt":"2020-07-16T06:35:58","slug":"mentions-legales","status":"publish","type":"page","link":"https:\/\/madeinartsa.ch\/?page_id=155","title":{"rendered":"Mentions l\u00e9gales"},"content":{"rendered":"<p>[et_pb_section fb_built=\u00a0\u00bb1&Prime; _builder_version=\u00a0\u00bb3.19.8&Prime;][et_pb_row _builder_version=\u00a0\u00bb3.19.8&Prime;][et_pb_column type=\u00a0\u00bb4_4&Prime; _builder_version=\u00a0\u00bb3.19.8&Prime; parallax=\u00a0\u00bboff\u00a0\u00bb parallax_method=\u00a0\u00bbon\u00a0\u00bb][et_pb_text _builder_version=\u00a0\u00bb3.19.8&Prime;]<\/p>\n<h1>Informations l\u00e9gales<\/h1>\n<p>&nbsp;<\/p>\n<h3><strong>Pr\u00e9sentation du site.<\/strong><\/h3>\n<p><span style=\"font-family: inherit; font-weight: normal;\">En vertu de l\u2019article 6 de la loi n\u00b0 2004-575 du 21 juin 2004 pour la confiance dans l\u2019\u00e9conomie num\u00e9rique, il est pr\u00e9cis\u00e9 aux utilisateurs du site www.madeinartsa.ch l\u2019identit\u00e9 des diff\u00e9rents intervenants dans le cadre de sa r\u00e9alisation et de son suivi :<\/span><\/p>\n<p><span style=\"font-family: inherit; font-weight: normal;\">Propri\u00e9taire : Benjamin Medina \u2013 1-3 Boulevard des \u00c9platures 2300 La Chaux-de-Fonds<\/span><br \/><span style=\"font-family: inherit; font-weight: normal;\">Cr\u00e9ateur\/Webmaster :\u00a0St\u00e9phane Blondeau \u2013 25500 Les Fins<\/span><br \/><span style=\"font-family: inherit; font-weight: normal;\">Photographies : St\u00e9phane Blondeau<\/span><\/p>\n<p><span style=\"font-size: 14px; font-family: inherit; font-weight: normal;\">Responsable publication :\u00a0Benjamin Medina<\/span><\/p>\n<p><span style=\"font-family: inherit; font-weight: normal;\">Le responsable publication est une personne physique ou une personne morale.<\/span><br \/><span style=\"font-family: inherit; font-weight: normal;\">H\u00e9bergeur : OVH \u2013 2 rue Kellermann \u2013 59100 Roubaix \u2013 France.<\/span><\/p>\n<p><strong style=\"color: #333333; font-family: Judson, sans-serif; font-size: 22px;\">Conditions g\u00e9n\u00e9rales d\u2019utilisation du site et des services propos\u00e9s.<\/strong><\/p>\n<p>L\u2019utilisation du site <span>www.madeinartsa.ch<\/span> implique l\u2019acceptation pleine et enti\u00e8re des conditions g\u00e9n\u00e9rales d\u2019utilisation ci-apr\u00e8s d\u00e9crites. Ces conditions d\u2019utilisation sont susceptibles d\u2019\u00eatre modifi\u00e9es ou compl\u00e9t\u00e9es \u00e0 tout moment, les utilisateurs du site <span>www.madeinartsa.ch<\/span> sont donc invit\u00e9s \u00e0 les consulter de mani\u00e8re r\u00e9guli\u00e8re.<\/p>\n<p>Ce site est normalement accessible \u00e0 tout moment aux utilisateurs. Une interruption pour raison de maintenance technique peut \u00eatre toutefois d\u00e9cid\u00e9e par <span>www.madeinartsa.ch<\/span>, qui s\u2019efforcera alors de communiquer pr\u00e9alablement aux utilisateurs les dates et heures de l\u2019intervention.<\/p>\n<p>Le site <span>www.madeinartsa.ch<\/span> est mis \u00e0 jour r\u00e9guli\u00e8rement par le webmaster\u00a0St\u00e9phane Blondeau. De la m\u00eame fa\u00e7on, les mentions l\u00e9gales peuvent \u00eatre modifi\u00e9es \u00e0 tout moment : elles s\u2019imposent n\u00e9anmoins \u00e0 l\u2019utilisateur qui est invit\u00e9 \u00e0 s\u2019y r\u00e9f\u00e9rer le plus souvent possible afin d\u2019en prendre connaissance.<\/p>\n<p><strong style=\"color: #333333; font-family: Judson, sans-serif; font-size: 22px;\">Description des services fournis.<\/strong><\/p>\n<p>Le site <span>www.madeinartsa.ch<\/span> a pour objet de fournir une information concernant l\u2019ensemble des activit\u00e9s de la soci\u00e9t\u00e9.<\/p>\n<p>Benjamin Medina s\u2019efforce de fournir sur le site <span>www.madeinartsa.ch<\/span> des informations aussi pr\u00e9cises que possible. Toutefois, il ne pourra \u00eatre tenue responsable des omissions, des inexactitudes et des carences dans la mise \u00e0 jour, qu\u2019elles soient de son fait ou du fait des tiers partenaires qui lui fournissent ces informations.<\/p>\n<p>Tous les informations indiqu\u00e9es sur le site <span>www.madeinartsa.ch<\/span> sont donn\u00e9es \u00e0 titre indicatif, et sont susceptibles d\u2019\u00e9voluer. Par ailleurs, les renseignements figurant sur le site <span>www.madeinartsa.ch<\/span> ne sont pas exhaustifs. Ils sont donn\u00e9s sous r\u00e9serve de modifications ayant \u00e9t\u00e9 apport\u00e9es depuis leur mise en ligne.<\/p>\n<h3><strong>Limitations contractuelles sur les donn\u00e9es techniques.<\/strong><\/h3>\n<p>Le site utilise la technologie WordPress.<\/p>\n<p>Le site Internet ne pourra \u00eatre tenu responsable de dommages mat\u00e9riels li\u00e9s \u00e0 l\u2019utilisation du site. De plus, l\u2019utilisateur du site s\u2019engage \u00e0 acc\u00e9der au site en utilisant un mat\u00e9riel r\u00e9cent, ne contenant pas de virus et avec un navigateur de derni\u00e8re g\u00e9n\u00e9ration mis-\u00e0-jour<\/p>\n<h3><strong>Propri\u00e9t\u00e9 intellectuelle et contrefa\u00e7ons.<\/strong><\/h3>\n<p>Benjamin Medina est propri\u00e9taire des droits de propri\u00e9t\u00e9 intellectuelle ou d\u00e9tient les droits d\u2019usage sur tous les \u00e9l\u00e9ments accessibles sur le site, notamment les textes, images, vid\u00e9os, graphismes, logo, ic\u00f4nes.<\/p>\n<p>Toute reproduction, repr\u00e9sentation, modification, publication, adaptation de tout ou partie des \u00e9l\u00e9ments du site, quel que soit le moyen ou le proc\u00e9d\u00e9 utilis\u00e9, est interdite, sauf autorisation \u00e9crite pr\u00e9alable de Benjamin Medina.<\/p>\n<p>Toute exploitation non autoris\u00e9e du site ou de l\u2019un quelconque des \u00e9l\u00e9ments qu\u2019il contient sera consid\u00e9r\u00e9e comme constitutive d\u2019une contrefa\u00e7on et poursuivie conform\u00e9ment aux dispositions des articles L.335-2 et suivants du Code de Propri\u00e9t\u00e9 Intellectuelle.<\/p>\n<h3><strong>Limitations de responsabilit\u00e9.<\/strong><\/h3>\n<p>Benjamin Medina ne pourra \u00eatre tenue responsable des dommages directs et indirects caus\u00e9s au mat\u00e9riel de l\u2019utilisateur, lors de l\u2019acc\u00e8s au site <span>www.madeinartsa.ch<\/span> , et r\u00e9sultant soit de l\u2019utilisation d\u2019un mat\u00e9riel ne r\u00e9pondant pas aux sp\u00e9cifications indiqu\u00e9es au point 4, soit de l\u2019apparition d\u2019un bug ou d\u2019une incompatibilit\u00e9.<\/p>\n<p>Benjamin Medina ne pourra \u00e9galement \u00eatre tenue responsable des dommages indirects (tels par exemple qu\u2019une perte de march\u00e9 ou perte d\u2019une chance) cons\u00e9cutifs \u00e0 l\u2019utilisation du site <span>www.madeinartsa.ch<\/span>.<\/p>\n<p>Des espaces interactifs (possibilit\u00e9 de poser des questions dans l\u2019espace contact) sont \u00e0 la disposition des utilisateurs. Benjamin Medina se r\u00e9serve le droit de supprimer, sans mise en demeure pr\u00e9alable, tout contenu d\u00e9pos\u00e9 dans cet espace qui contreviendrait \u00e0 la l\u00e9gislation applicable en Suisse, en particulier aux dispositions relatives \u00e0 la protection des donn\u00e9es. Le cas \u00e9ch\u00e9ant, Benjamin Medina se r\u00e9serve \u00e9galement la possibilit\u00e9 de mettre en cause la responsabilit\u00e9 civile et\/ou p\u00e9nale de l\u2019utilisateur, notamment en cas de message \u00e0 caract\u00e8re raciste, injurieux, diffamant, ou pornographique, quel que soit le support utilis\u00e9 (texte, photographie\u2026).<\/p>\n<p><span> Le droit suisse est applicable. Le lieu de juridiction est Canton de Neuch\u00e2tel.<\/span><\/p>\n<p>[\/et_pb_text][\/et_pb_column][\/et_pb_row][\/et_pb_section]<\/p>\n","protected":false},"excerpt":{"rendered":"<p>Informations l\u00e9gales &nbsp; Pr\u00e9sentation du site. En vertu de l\u2019article 6 de la loi n\u00b0 2004-575 du 21 juin 2004 pour la confiance dans l\u2019\u00e9conomie num\u00e9rique, il est pr\u00e9cis\u00e9 aux utilisateurs du site www.madeinartsa.ch l\u2019identit\u00e9 des diff\u00e9rents intervenants dans le cadre de sa r\u00e9alisation et de son suivi : Propri\u00e9taire : Benjamin Medina \u2013 1-3 [&hellip;]<\/p>\n","protected":false},"author":1,"featured_media":0,"parent":0,"menu_order":0,"comment_status":"closed","ping_status":"closed","template":"","meta":{"_et_pb_use_builder":"on","_et_pb_old_content":"","_et_gb_content_width":"","footnotes":""},"class_list":["post-155","page","type-page","status-publish","hentry"],"_links":{"self":[{"href":"https:\/\/madeinartsa.ch\/index.php?rest_route=\/wp\/v2\/pages\/155","targetHints":{"allow":["GET"]}}],"collection":[{"href":"https:\/\/madeinartsa.ch\/index.php?rest_route=\/wp\/v2\/pages"}],"about":[{"href":"https:\/\/madeinartsa.ch\/index.php?rest_route=\/wp\/v2\/types\/page"}],"author":[{"embeddable":true,"href":"https:\/\/madeinartsa.ch\/index.php?rest_route=\/wp\/v2\/users\/1"}],"replies":[{"embeddable":true,"href":"https:\/\/madeinartsa.ch\/index.php?rest_route=%2Fwp%2Fv2%2Fcomments&post=155"}],"version-history":[{"count":4,"href":"https:\/\/madeinartsa.ch\/index.php?rest_route=\/wp\/v2\/pages\/155\/revisions"}],"predecessor-version":[{"id":194,"href":"https:\/\/madeinartsa.ch\/index.php?rest_route=\/wp\/v2\/pages\/155\/revisions\/194"}],"wp:attachment":[{"href":"https:\/\/madeinartsa.ch\/index.php?rest_route=%2Fwp%2Fv2%2Fmedia&parent=155"}],"curies":[{"name":"wp","href":"https:\/\/api.w.org\/{rel}","templated":true}]}}