{"id":165,"date":"2020-07-16T08:15:34","date_gmt":"2020-07-16T06:15:34","guid":{"rendered":"http:\/\/madeinartsa.ch\/?page_id=165"},"modified":"2020-07-16T08:23:15","modified_gmt":"2020-07-16T06:23:15","slug":"cgv","status":"publish","type":"page","link":"https:\/\/madeinartsa.ch\/?page_id=165","title":{"rendered":"CGV"},"content":{"rendered":"<p>[et_pb_section fb_built=\u00a0\u00bb1&Prime; _builder_version=\u00a0\u00bb3.19.8&Prime;][et_pb_row _builder_version=\u00a0\u00bb3.19.8&Prime;][et_pb_column type=\u00a0\u00bb4_4&Prime; _builder_version=\u00a0\u00bb3.19.8&Prime; parallax=\u00a0\u00bboff\u00a0\u00bb parallax_method=\u00a0\u00bbon\u00a0\u00bb][et_pb_text _builder_version=\u00a0\u00bb3.19.8&Prime;]<\/p>\n<h1><strong>C<\/strong>onditions <strong>G<\/strong>\u00e9n\u00e9rale de <strong>V<\/strong>ente<\/h1>\n<p>&nbsp;<\/p>\n<p>&nbsp;<\/p>\n<ol>\n<li><strong>Domaine d\u2019application<\/strong><\/li>\n<\/ol>\n<p>1.1 Sauf accord express, les pr\u00e9sentes conditions s\u2019appliquent \u00e0 tous les contrats et toutes les commandes pass\u00e9es chez MADE IN\u2019ART SA.<\/p>\n<p>Les conditions de l\u2019acheteur d\u00e9rogeant \u00e0 nos conditions g\u00e9n\u00e9rales de vente n\u2019ont aucune validit\u00e9.<\/p>\n<p>&nbsp;<\/p>\n<ol start=\"2\">\n<li><strong>Contrats<\/strong><\/li>\n<\/ol>\n<p>2.1 Nos offres sont libres et sans engagement.<\/p>\n<p>2.2 Aucune demande t\u00e9l\u00e9phonique ou autre mesure particuli\u00e8re ne fera l\u2019objet d\u2019une commande. Seule une commande de l\u2019acheteur valid\u00e9e par une confirmation de commande du vendeur engage la soci\u00e9t\u00e9 aupr\u00e8s du client.<\/p>\n<p>2.3 Le vendeur se r\u00e9serve le droit de facturer des frais de d\u00e9dommagements en cas d\u2019annulation de commande confirm\u00e9e.<\/p>\n<p>&nbsp;<\/p>\n<ol start=\"3\">\n<li><strong>Prix<\/strong><\/li>\n<\/ol>\n<p>3.1 Les prix sont indiqu\u00e9s en francs suisses, par unit\u00e9 ou lot, sans TVA ni frais de transport et emballage.<\/p>\n<p>3.2 Les prix figurant sur nos confirmations de commande font foi.<\/p>\n<ol start=\"4\">\n<li>Facture<\/li>\n<\/ol>\n<p>4.1 Toute contestation sur les prix factur\u00e9s, les fournitures livr\u00e9es ou les prestations effectu\u00e9es doit avoir lieux dans un d\u00e9lai de 10 jours ouvrables apr\u00e8s la r\u00e9ception de la marchandise, \u00e0 d\u00e9faut<\/p>\n<p>d&rsquo;une telle notification, la livraison est consid\u00e9r\u00e9e comme \u00e9tant accept\u00e9e.<\/p>\n<p>4.2 Le paiement est fix\u00e9 \u00e0 30 jours net en francs suisses sauf accord express.<\/p>\n<p>&nbsp;<\/p>\n<ol start=\"5\">\n<li><strong>Tol\u00e9rance de quantit\u00e9<\/strong><\/li>\n<\/ol>\n<p>5.1 Le vendeur se r\u00e9serve le droit de livrer \u00b1 10 % de la quantit\u00e9 command\u00e9e arrondi \u00e0 l\u2019unit\u00e9 sup\u00e9rieure ou inf\u00e9rieure. La facturation est adapt\u00e9e en fonction de la quantit\u00e9 livr\u00e9e.<\/p>\n<p>&nbsp;<\/p>\n<ol start=\"6\">\n<li><strong>Livraison<\/strong><\/li>\n<\/ol>\n<p>6.1 Le vendeur se r\u00e9serve le droit de livrer la marchandise plus t\u00f4t que pr\u00e9vu. Si exceptionnellement nous ne pouvons pas respecter le d\u00e9lai confirm\u00e9, ceci n\u2019autorise pas l\u2019annulation de la commande ni d\u00e9dommagement.<\/p>\n<p>6.2 Des livraisons partielles sont autoris\u00e9es<\/p>\n<p>6.3 Toute r\u00e9clamation doit nous parvenir dans les 10 jours suivants la r\u00e9ception de la marchandise. Toutes autres revendications ne pourront \u00eatre prises en compte.<\/p>\n<p>6.4 Le solde des commandes sur appel est automatiquement livr\u00e9 et sans pr\u00e9avis \u00e0 l\u2019\u00e9ch\u00e9ance.<\/p>\n<p>&nbsp;<\/p>\n<ol start=\"7\">\n<li><strong>Garantie<\/strong><\/li>\n<\/ol>\n<p>7.1. La garantie est limit\u00e9e au remplacement des composants pr\u00e9sentant une non-conformit\u00e9 prouv\u00e9e, lors du contr\u00f4le chez le client. Elle expire dans tous les cas, 30 jours apr\u00e8s la date de r\u00e9ception.<\/p>\n<p>Aucune r\u00e9duction de prix et ou demande de paiement de dommages et int\u00e9r\u00eats ne sera prise en consid\u00e9ration .<\/p>\n<p>&nbsp;<\/p>\n<ol start=\"8\">\n<li><strong>R\u00e9serve de propri\u00e9t\u00e9<\/strong><\/li>\n<\/ol>\n<p>8.1 La marchandise livr\u00e9e reste la propri\u00e9t\u00e9 de MADE IN\u2019ART SA jusqu\u2019\u00e0 son paiement int\u00e9gral.<\/p>\n<p>&nbsp;<\/p>\n<ol start=\"9\">\n<li><strong>Propri\u00e9t\u00e9 intellectuelle et mat\u00e9rielle<\/strong><\/li>\n<\/ol>\n<p>9.1 Les plans, croquis, mod\u00e8les, sp\u00e9cifications techniques et documents particuliers remis au client pour la r\u00e9alisation d\u2019une fabrication sont et demeurent la propri\u00e9t\u00e9 exclusive de MADE IN\u2019ART SA.<\/p>\n<p>&nbsp;<\/p>\n<ol start=\"10\">\n<li><strong>Dispositions sp\u00e9ciales<\/strong><\/li>\n<\/ol>\n<p>10.1 Les modifications nous parviennent par le client, sinon la fabrication s\u2019effectue d\u2019apr\u00e8s les derniers dessins. Des modifications peuvent entra\u00eener des frais.<\/p>\n<p>10.2 Le client porte la responsabilit\u00e9 du d\u00e9veloppement technique.<\/p>\n<p>&nbsp;<\/p>\n<ol start=\"11\">\n<li><strong>Droit applicable<\/strong><\/li>\n<\/ol>\n<p>11.1 Le droit suisse est applicable. Le lieu de juridiction est Canton de Neuch\u00e2tel.<\/p>\n<p>[\/et_pb_text][\/et_pb_column][\/et_pb_row][\/et_pb_section]<\/p>\n","protected":false},"excerpt":{"rendered":"<p>Conditions G\u00e9n\u00e9rale de Vente &nbsp; &nbsp; Domaine d\u2019application 1.1 Sauf accord express, les pr\u00e9sentes conditions s\u2019appliquent \u00e0 tous les contrats et toutes les commandes pass\u00e9es chez MADE IN\u2019ART SA. Les conditions de l\u2019acheteur d\u00e9rogeant \u00e0 nos conditions g\u00e9n\u00e9rales de vente n\u2019ont aucune validit\u00e9. &nbsp; Contrats 2.1 Nos offres sont libres et sans engagement. 2.2 Aucune [&hellip;]<\/p>\n","protected":false},"author":1,"featured_media":0,"parent":0,"menu_order":0,"comment_status":"closed","ping_status":"closed","template":"","meta":{"_et_pb_use_builder":"on","_et_pb_old_content":"","_et_gb_content_width":"","footnotes":""},"class_list":["post-165","page","type-page","status-publish","hentry"],"_links":{"self":[{"href":"https:\/\/madeinartsa.ch\/index.php?rest_route=\/wp\/v2\/pages\/165","targetHints":{"allow":["GET"]}}],"collection":[{"href":"https:\/\/madeinartsa.ch\/index.php?rest_route=\/wp\/v2\/pages"}],"about":[{"href":"https:\/\/madeinartsa.ch\/index.php?rest_route=\/wp\/v2\/types\/page"}],"author":[{"embeddable":true,"href":"https:\/\/madeinartsa.ch\/index.php?rest_route=\/wp\/v2\/users\/1"}],"replies":[{"embeddable":true,"href":"https:\/\/madeinartsa.ch\/index.php?rest_route=%2Fwp%2Fv2%2Fcomments&post=165"}],"version-history":[{"count":4,"href":"https:\/\/madeinartsa.ch\/index.php?rest_route=\/wp\/v2\/pages\/165\/revisions"}],"predecessor-version":[{"id":188,"href":"https:\/\/madeinartsa.ch\/index.php?rest_route=\/wp\/v2\/pages\/165\/revisions\/188"}],"wp:attachment":[{"href":"https:\/\/madeinartsa.ch\/index.php?rest_route=%2Fwp%2Fv2%2Fmedia&parent=165"}],"curies":[{"name":"wp","href":"https:\/\/api.w.org\/{rel}","templated":true}]}}