{"id":7,"date":"2019-06-12T14:12:12","date_gmt":"2019-06-12T12:12:12","guid":{"rendered":"http:\/\/madeinartsa.ch\/?page_id=7"},"modified":"2025-02-18T17:12:58","modified_gmt":"2025-02-18T16:12:58","slug":"accueil","status":"publish","type":"page","link":"https:\/\/madeinartsa.ch\/","title":{"rendered":"Accueil"},"content":{"rendered":"<p>[et_pb_section fb_built=\u00a0\u00bb1&Prime; fullwidth=\u00a0\u00bbon\u00a0\u00bb _builder_version=\u00a0\u00bb4.16&Prime; global_colors_info=\u00a0\u00bb{}\u00a0\u00bb][et_pb_fullwidth_header text_orientation=\u00a0\u00bbcenter\u00a0\u00bb header_fullscreen=\u00a0\u00bbon\u00a0\u00bb header_scroll_down=\u00a0\u00bbon\u00a0\u00bb scroll_down_icon=\u00a0\u00bb%%1%%\u00a0\u00bb scroll_down_icon_color=\u00a0\u00bb#ffffff\u00a0\u00bb scroll_down_icon_size=\u00a0\u00bb100px\u00a0\u00bb scroll_down_icon_size_tablet=\u00a0\u00bb\u00a0\u00bb scroll_down_icon_size_phone=\u00a0\u00bb75px\u00a0\u00bb scroll_down_icon_size_last_edited=\u00a0\u00bbon|phone\u00a0\u00bb _builder_version=\u00a0\u00bb4.27.4&Prime; background_image=\u00a0\u00bbhttp:\/\/madeinartsa.ch\/wp-content\/uploads\/2019\/06\/accueil-MADE-IN-ART-2.jpg\u00a0\u00bb transform_scale_tablet=\u00a0\u00bb\u00a0\u00bb transform_scale_phone=\u00a0\u00bb\u00a0\u00bb transform_scale_last_edited=\u00a0\u00bbon|phone\u00a0\u00bb transform_translate_tablet=\u00a0\u00bb\u00a0\u00bb transform_translate_phone=\u00a0\u00bb\u00a0\u00bb transform_translate_last_edited=\u00a0\u00bbon|phone\u00a0\u00bb transform_rotate_tablet=\u00a0\u00bb\u00a0\u00bb transform_rotate_phone=\u00a0\u00bb\u00a0\u00bb transform_rotate_last_edited=\u00a0\u00bbon|phone\u00a0\u00bb transform_skew_tablet=\u00a0\u00bb\u00a0\u00bb transform_skew_phone=\u00a0\u00bb\u00a0\u00bb transform_skew_last_edited=\u00a0\u00bbon|phone\u00a0\u00bb transform_origin_tablet=\u00a0\u00bb\u00a0\u00bb transform_origin_phone=\u00a0\u00bb\u00a0\u00bb transform_origin_last_edited=\u00a0\u00bbon|phone\u00a0\u00bb transform_styles_last_edited=\u00a0\u00bbon|phone\u00a0\u00bb hover_enabled=\u00a0\u00bb0&Prime; background_last_edited=\u00a0\u00bbon|phone\u00a0\u00bb parallax_phone=\u00a0\u00bboff\u00a0\u00bb background_size_phone=\u00a0\u00bbcontain\u00a0\u00bb transform_styles_tablet=\u00a0\u00bb\u00a0\u00bb transform_styles_phone=\u00a0\u00bb\u00a0\u00bb border_width_all_image_tablet=\u00a0\u00bb\u00a0\u00bb border_width_all_image_phone=\u00a0\u00bb\u00a0\u00bb border_width_all_image_last_edited=\u00a0\u00bbon|phone\u00a0\u00bb global_colors_info=\u00a0\u00bb{}\u00a0\u00bb sticky_enabled=\u00a0\u00bb0&Prime; title_text=\u00a0\u00bbMade in&rsquo;art logo-picto\u00a0\u00bb background_image_phone=\u00a0\u00bbhttp:\/\/madeinartsa.ch\/wp-content\/uploads\/2025\/02\/Made-inart-port.jpg\u00a0\u00bb background_enable_image_phone=\u00a0\u00bbon\u00a0\u00bb][\/et_pb_fullwidth_header][\/et_pb_section][et_pb_section fb_built=\u00a0\u00bb1&Prime; _builder_version=\u00a0\u00bb4.16&Prime; custom_padding=\u00a0\u00bb54px|0px|0|0px|false|false\u00a0\u00bb global_colors_info=\u00a0\u00bb{}\u00a0\u00bb][et_pb_row _builder_version=\u00a0\u00bb4.16&Prime; global_colors_info=\u00a0\u00bb{}\u00a0\u00bb][et_pb_column type=\u00a0\u00bb4_4&Prime; _builder_version=\u00a0\u00bb4.16&Prime; custom_padding=\u00a0\u00bb|||\u00a0\u00bb global_colors_info=\u00a0\u00bb{}\u00a0\u00bb custom_padding__hover=\u00a0\u00bb|||\u00a0\u00bb][et_pb_text _builder_version=\u00a0\u00bb4.16&Prime; header_font_size=\u00a0\u00bb34px\u00a0\u00bb header_2_font_size=\u00a0\u00bb45px\u00a0\u00bb header_2_font_size_tablet=\u00a0\u00bb\u00a0\u00bb header_2_font_size_phone=\u00a0\u00bb28px\u00a0\u00bb header_2_font_size_last_edited=\u00a0\u00bbon|phone\u00a0\u00bb global_colors_info=\u00a0\u00bb{}\u00a0\u00bb]<\/p>\n<h2><span style=\"font-family: inherit; font-weight: normal; color: #00135b;\">D\u00c9COLLETAGE HAUT DE GAMME<\/span><\/h2>\n<p style=\"text-align: justify;\"><span style=\"color: #00135b;\">Notre soci\u00e9t\u00e9 est \u00e9<span class=\"st\">tablie \u00e0 La Chaux-de-Fonds, nous sommes sp\u00e9cialis\u00e9 dans le d\u00e9colletage\u00a0d&rsquo;horlogerie\u00a0et d&rsquo;autres secteurs d&rsquo;activit\u00e9. Notre entreprise se concentre dans la production de s\u00e9ries, p<\/span>rototypes, petites et moyennes s\u00e9ries. composants mouvements et de l&rsquo;\u00e9chappement, pi\u00e8ces microtechniques, taillage et roulage.<\/span><\/p>\n<p>[\/et_pb_text][\/et_pb_column][\/et_pb_row][\/et_pb_section][et_pb_section fb_built=\u00a0\u00bb1&Prime; _builder_version=\u00a0\u00bb4.16&Prime; custom_padding=\u00a0\u00bb54px|0px|5px|0px|false|false\u00a0\u00bb global_colors_info=\u00a0\u00bb{}\u00a0\u00bb][et_pb_row _builder_version=\u00a0\u00bb4.16&Prime; custom_padding=\u00a0\u00bb0|0px|0|0px|false|false\u00a0\u00bb global_colors_info=\u00a0\u00bb{}\u00a0\u00bb][et_pb_column type=\u00a0\u00bb4_4&Prime; _builder_version=\u00a0\u00bb4.16&Prime; custom_padding=\u00a0\u00bb|||\u00a0\u00bb global_colors_info=\u00a0\u00bb{}\u00a0\u00bb custom_padding__hover=\u00a0\u00bb|||\u00a0\u00bb][et_pb_text _builder_version=\u00a0\u00bb4.16&Prime; global_colors_info=\u00a0\u00bb{}\u00a0\u00bb]<\/p>\n<p style=\"text-align: center;\"><iframe loading=\"lazy\" width=\"1100\" height=\"620\" src=\"https:\/\/www.youtube.com\/embed\/N6DHqaHkIiY\" frameborder=\"0\" allow=\"accelerometer; autoplay; encrypted-media; gyroscope; picture-in-picture\" allowfullscreen=\"\"><\/iframe><\/p>\n<p>[\/et_pb_text][et_pb_gallery gallery_ids=\u00a0\u00bb128,129,130,131,132,135,134,133,136,137,138&Prime; show_title_and_caption=\u00a0\u00bboff\u00a0\u00bb _builder_version=\u00a0\u00bb4.16&Prime; caption_font=\u00a0\u00bb||||||||\u00a0\u00bb caption_font_size=\u00a0\u00bb10px\u00a0\u00bb pagination_font=\u00a0\u00bb||||||||\u00a0\u00bb animation_style=\u00a0\u00bbfade\u00a0\u00bb border_color_all=\u00a0\u00bb#043399&Prime; global_colors_info=\u00a0\u00bb{}\u00a0\u00bb][\/et_pb_gallery][\/et_pb_column][\/et_pb_row][et_pb_row column_structure=\u00a0\u00bb1_3,1_3,1_3&Prime; _builder_version=\u00a0\u00bb4.16&Prime; custom_padding=\u00a0\u00bb27px|0px|50px|0px|false|false\u00a0\u00bb global_colors_info=\u00a0\u00bb{}\u00a0\u00bb][et_pb_column type=\u00a0\u00bb1_3&Prime; _builder_version=\u00a0\u00bb4.16&Prime; custom_padding=\u00a0\u00bb|||\u00a0\u00bb global_colors_info=\u00a0\u00bb{}\u00a0\u00bb custom_padding__hover=\u00a0\u00bb|||\u00a0\u00bb][et_pb_text _builder_version=\u00a0\u00bb4.16&Prime; text_font=\u00a0\u00bb||||||||\u00a0\u00bb header_font=\u00a0\u00bb||||||||\u00a0\u00bb custom_margin=\u00a0\u00bb|||\u00a0\u00bb custom_padding=\u00a0\u00bb|||50px\u00a0\u00bb inline_fonts=\u00a0\u00bbArial\u00a0\u00bb global_colors_info=\u00a0\u00bb{}\u00a0\u00bb]<\/p>\n<h1 style=\"text-align: left;\"><span style=\"color: #001b4f;\"><strong>MADE IN&rsquo;ART SA.<\/strong><\/span><\/h1>\n<p style=\"text-align: left;\"><span style=\"font-size: 18px; font-family: Arial; color: #001b4f;\"><strong>D\u00e9colletage de pr\u00e9cision<\/strong><\/span><span style=\"color: #333333; font-family: Judson, sans-serif; font-size: 18px;\">\u00a0<\/span><\/p>\n<p style=\"text-align: left;\"><span style=\"font-family: Arial; font-weight: normal; color: #001b4f;\">1-3 Boulevard des \u00c9platures<\/span><br \/> <span style=\"font-family: Arial; font-weight: normal; color: #001b4f;\"> 2300 La Chaux-de-Fonds <\/span><\/p>\n<p style=\"text-align: left;\"><strong style=\"font-size: 14px;\"><span style=\"font-family: Arial; color: #001b4f;\">T\u00e9l. +41 (0)32 924 40 08 <\/span><\/strong><\/p>\n<p style=\"text-align: left;\"><span style=\"font-size: 14px;\"><strong><span style=\"color: #001b4f; font-family: Arial;\">Portable\u00a0+41 (0)7 97 25 84 87<\/span><\/strong><\/span><\/p>\n<p>&nbsp;<\/p>\n<p>[\/et_pb_text][\/et_pb_column][et_pb_column type=\u00a0\u00bb1_3&Prime; _builder_version=\u00a0\u00bb4.16&Prime; custom_padding=\u00a0\u00bb|||\u00a0\u00bb global_colors_info=\u00a0\u00bb{}\u00a0\u00bb custom_padding__hover=\u00a0\u00bb|||\u00a0\u00bb][et_pb_image src=\u00a0\u00bbhttp:\/\/madeinartsa.ch\/wp-content\/uploads\/2019\/09\/picto-madeinart-accueil.png\u00a0\u00bb align=\u00a0\u00bbcenter\u00a0\u00bb _builder_version=\u00a0\u00bb4.16&Prime; max_width=\u00a0\u00bb44%\u00a0\u00bb max_width_tablet=\u00a0\u00bb\u00a0\u00bb max_width_phone=\u00a0\u00bb\u00a0\u00bb max_width_last_edited=\u00a0\u00bbon|desktop\u00a0\u00bb module_alignment=\u00a0\u00bbleft\u00a0\u00bb always_center_on_mobile=\u00a0\u00bboff\u00a0\u00bb global_colors_info=\u00a0\u00bb{}\u00a0\u00bb][\/et_pb_image][\/et_pb_column][et_pb_column type=\u00a0\u00bb1_3&Prime; _builder_version=\u00a0\u00bb4.16&Prime; custom_padding=\u00a0\u00bb|||\u00a0\u00bb global_colors_info=\u00a0\u00bb{}\u00a0\u00bb custom_padding__hover=\u00a0\u00bb|||\u00a0\u00bb][et_pb_text _builder_version=\u00a0\u00bb4.16&Prime; global_colors_info=\u00a0\u00bb{}\u00a0\u00bb]<\/p>\n<h2><strong><span style=\"color: #00135b;\">\u00c0 votre service<\/span><\/strong><\/h2>\n<p><span style=\"color: #00135b;\">Pour toute information compl\u00e9mentaire, n&rsquo;h\u00e9sitez pas \u00e0 nous contacter.\u00a0Nous nous ferons un plaisir de vous r\u00e9pondre.<\/span><\/p>\n<p>[\/et_pb_text][\/et_pb_column][\/et_pb_row][\/et_pb_section][et_pb_section fb_built=\u00a0\u00bb1&Prime; _builder_version=\u00a0\u00bb4.27.4&Prime; background_color=\u00a0\u00bb#001659&Prime; global_colors_info=\u00a0\u00bb{}\u00a0\u00bb][et_pb_row _builder_version=\u00a0\u00bb4.16&Prime; global_colors_info=\u00a0\u00bb{}\u00a0\u00bb][et_pb_column type=\u00a0\u00bb4_4&Prime; _builder_version=\u00a0\u00bb4.16&Prime; custom_padding=\u00a0\u00bb|||\u00a0\u00bb global_colors_info=\u00a0\u00bb{}\u00a0\u00bb custom_padding__hover=\u00a0\u00bb|||\u00a0\u00bb][et_pb_text _builder_version=\u00a0\u00bb4.27.4&Prime; text_text_color=\u00a0\u00bb#FFFFFF\u00a0\u00bb header_text_color=\u00a0\u00bb#FFFFFF\u00a0\u00bb global_colors_info=\u00a0\u00bb{}\u00a0\u00bb]<\/p>\n<h1 style=\"text-align: center;\"><em>CONTACT<\/em><\/h1>\n<p style=\"text-align: center;\"><em>N&rsquo;h\u00e9sitez pas \u00e0 nous laissez-nous un message!<\/em><\/p>\n<p>[\/et_pb_text][et_pb_contact_form email=\u00a0\u00bbinfo@madeinartsa.ch\u00a0\u00bb title=\u00a0\u00bbContactez-nous\u00a0\u00bb success_message=\u00a0\u00bbVotre message a bien \u00e9t\u00e9 envoy\u00e9, merci!\u00a0\u00bb submit_button_text=\u00a0\u00bbenvoi\u00a0\u00bb _builder_version=\u00a0\u00bb4.27.4&Prime; _unique_id=\u00a0\u00bb8b668d1a-c543-49c2-8571-026567f4603f\u00a0\u00bb form_field_background_color=\u00a0\u00bb#ffffff\u00a0\u00bb title_level=\u00a0\u00bbh3&Prime; title_font=\u00a0\u00bbArial||||||||\u00a0\u00bb title_text_color=\u00a0\u00bb#000000&Prime; captcha_text_color=\u00a0\u00bb#FFFFFF\u00a0\u00bb captcha_font_size=\u00a0\u00bb16px\u00a0\u00bb captcha_letter_spacing=\u00a0\u00bb4px\u00a0\u00bb form_field_font=\u00a0\u00bb||||||||\u00a0\u00bb background_color=\u00a0\u00bbRGBA(255,255,255,0)\u00a0\u00bb form_background_color=\u00a0\u00bb#ffffff\u00a0\u00bb global_colors_info=\u00a0\u00bb{}\u00a0\u00bb][et_pb_contact_field field_id=\u00a0\u00bbName\u00a0\u00bb field_title=\u00a0\u00bbNom\u00a0\u00bb _builder_version=\u00a0\u00bb4.16&Prime; global_colors_info=\u00a0\u00bb{}\u00a0\u00bb button_text_size__hover_enabled=\u00a0\u00bboff\u00a0\u00bb button_one_text_size__hover_enabled=\u00a0\u00bboff\u00a0\u00bb button_two_text_size__hover_enabled=\u00a0\u00bboff\u00a0\u00bb button_text_color__hover_enabled=\u00a0\u00bboff\u00a0\u00bb button_one_text_color__hover_enabled=\u00a0\u00bboff\u00a0\u00bb button_two_text_color__hover_enabled=\u00a0\u00bboff\u00a0\u00bb button_border_width__hover_enabled=\u00a0\u00bboff\u00a0\u00bb button_one_border_width__hover_enabled=\u00a0\u00bboff\u00a0\u00bb button_two_border_width__hover_enabled=\u00a0\u00bboff\u00a0\u00bb button_border_color__hover_enabled=\u00a0\u00bboff\u00a0\u00bb button_one_border_color__hover_enabled=\u00a0\u00bboff\u00a0\u00bb button_two_border_color__hover_enabled=\u00a0\u00bboff\u00a0\u00bb button_border_radius__hover_enabled=\u00a0\u00bboff\u00a0\u00bb button_one_border_radius__hover_enabled=\u00a0\u00bboff\u00a0\u00bb button_two_border_radius__hover_enabled=\u00a0\u00bboff\u00a0\u00bb button_letter_spacing__hover_enabled=\u00a0\u00bboff\u00a0\u00bb button_one_letter_spacing__hover_enabled=\u00a0\u00bboff\u00a0\u00bb button_two_letter_spacing__hover_enabled=\u00a0\u00bboff\u00a0\u00bb button_bg_color__hover_enabled=\u00a0\u00bboff\u00a0\u00bb button_one_bg_color__hover_enabled=\u00a0\u00bboff\u00a0\u00bb button_two_bg_color__hover_enabled=\u00a0\u00bboff\u00a0\u00bb][\/et_pb_contact_field][et_pb_contact_field field_id=\u00a0\u00bbEmail\u00a0\u00bb field_title=\u00a0\u00bbAdresse e-mail\u00a0\u00bb field_type=\u00a0\u00bbemail\u00a0\u00bb _builder_version=\u00a0\u00bb4.16&Prime; global_colors_info=\u00a0\u00bb{}\u00a0\u00bb button_text_size__hover_enabled=\u00a0\u00bboff\u00a0\u00bb button_one_text_size__hover_enabled=\u00a0\u00bboff\u00a0\u00bb button_two_text_size__hover_enabled=\u00a0\u00bboff\u00a0\u00bb button_text_color__hover_enabled=\u00a0\u00bboff\u00a0\u00bb button_one_text_color__hover_enabled=\u00a0\u00bboff\u00a0\u00bb button_two_text_color__hover_enabled=\u00a0\u00bboff\u00a0\u00bb button_border_width__hover_enabled=\u00a0\u00bboff\u00a0\u00bb button_one_border_width__hover_enabled=\u00a0\u00bboff\u00a0\u00bb button_two_border_width__hover_enabled=\u00a0\u00bboff\u00a0\u00bb button_border_color__hover_enabled=\u00a0\u00bboff\u00a0\u00bb button_one_border_color__hover_enabled=\u00a0\u00bboff\u00a0\u00bb button_two_border_color__hover_enabled=\u00a0\u00bboff\u00a0\u00bb button_border_radius__hover_enabled=\u00a0\u00bboff\u00a0\u00bb button_one_border_radius__hover_enabled=\u00a0\u00bboff\u00a0\u00bb button_two_border_radius__hover_enabled=\u00a0\u00bboff\u00a0\u00bb button_letter_spacing__hover_enabled=\u00a0\u00bboff\u00a0\u00bb button_one_letter_spacing__hover_enabled=\u00a0\u00bboff\u00a0\u00bb button_two_letter_spacing__hover_enabled=\u00a0\u00bboff\u00a0\u00bb button_bg_color__hover_enabled=\u00a0\u00bboff\u00a0\u00bb button_one_bg_color__hover_enabled=\u00a0\u00bboff\u00a0\u00bb button_two_bg_color__hover_enabled=\u00a0\u00bboff\u00a0\u00bb][\/et_pb_contact_field][et_pb_contact_field field_id=\u00a0\u00bbMessage\u00a0\u00bb field_title=\u00a0\u00bbMessage\u00a0\u00bb field_type=\u00a0\u00bbtext\u00a0\u00bb fullwidth_field=\u00a0\u00bbon\u00a0\u00bb _builder_version=\u00a0\u00bb4.16&Prime; global_colors_info=\u00a0\u00bb{}\u00a0\u00bb button_text_size__hover_enabled=\u00a0\u00bboff\u00a0\u00bb button_one_text_size__hover_enabled=\u00a0\u00bboff\u00a0\u00bb button_two_text_size__hover_enabled=\u00a0\u00bboff\u00a0\u00bb button_text_color__hover_enabled=\u00a0\u00bboff\u00a0\u00bb button_one_text_color__hover_enabled=\u00a0\u00bboff\u00a0\u00bb button_two_text_color__hover_enabled=\u00a0\u00bboff\u00a0\u00bb button_border_width__hover_enabled=\u00a0\u00bboff\u00a0\u00bb button_one_border_width__hover_enabled=\u00a0\u00bboff\u00a0\u00bb button_two_border_width__hover_enabled=\u00a0\u00bboff\u00a0\u00bb button_border_color__hover_enabled=\u00a0\u00bboff\u00a0\u00bb button_one_border_color__hover_enabled=\u00a0\u00bboff\u00a0\u00bb button_two_border_color__hover_enabled=\u00a0\u00bboff\u00a0\u00bb button_border_radius__hover_enabled=\u00a0\u00bboff\u00a0\u00bb button_one_border_radius__hover_enabled=\u00a0\u00bboff\u00a0\u00bb button_two_border_radius__hover_enabled=\u00a0\u00bboff\u00a0\u00bb button_letter_spacing__hover_enabled=\u00a0\u00bboff\u00a0\u00bb button_one_letter_spacing__hover_enabled=\u00a0\u00bboff\u00a0\u00bb button_two_letter_spacing__hover_enabled=\u00a0\u00bboff\u00a0\u00bb button_bg_color__hover_enabled=\u00a0\u00bboff\u00a0\u00bb button_one_bg_color__hover_enabled=\u00a0\u00bboff\u00a0\u00bb button_two_bg_color__hover_enabled=\u00a0\u00bboff\u00a0\u00bb][\/et_pb_contact_field][\/et_pb_contact_form][et_pb_text _builder_version=\u00a0\u00bb4.27.4&Prime; text_text_color=\u00a0\u00bb#FFFFFF\u00a0\u00bb global_colors_info=\u00a0\u00bb{}\u00a0\u00bb]<\/p>\n<p><em>Conform\u00e9ment \u00e0 la loi Informatique et Libert\u00e9s du 6 janvier 1978, vous disposez d\u2019un droit d\u2019acc\u00e8s, de rectification et de suppression des donn\u00e9es qui vous concernent en nous \u00e9crivant \u00e0 l\u2019adresse postale et\/ou mail indiqu\u00e9e ci dessus. Seule notre soci\u00e9t\u00e9 est destinataire des informations que vous lui communiquez.<\/em><\/p>\n<p>[\/et_pb_text][\/et_pb_column][\/et_pb_row][\/et_pb_section][et_pb_section fb_built=\u00a0\u00bb1&Prime; inner_shadow=\u00a0\u00bbon\u00a0\u00bb fullwidth=\u00a0\u00bbon\u00a0\u00bb _builder_version=\u00a0\u00bb4.16&Prime; background_color=\u00a0\u00bb#f9f9f9&Prime; box_shadow_style=\u00a0\u00bbpreset1&Prime; global_colors_info=\u00a0\u00bb{}\u00a0\u00bb][et_pb_fullwidth_code _builder_version=\u00a0\u00bb4.16&Prime; custom_padding=\u00a0\u00bb99px||116px|||\u00a0\u00bb global_colors_info=\u00a0\u00bb{}\u00a0\u00bb]<pee style=\"text-align: center;\"><iframe loading=\"lazy\" src=\"https:\/\/www.google.com\/maps\/embed?pb=!1m18!1m12!1m3!1d37446.38464915687!2d6.793816097132767!3d47.08906639664936!2m3!1f0!2f0!3f0!3m2!1i1024!2i768!4f13.1!3m3!1m2!1s0x478de5a4c5bacf05%3A0x7461c8f07bf3d9d2!2sMADE%20IN'ART%20SA%20D%C3%A9colletage!5e0!3m2!1sfr!2sfr!4v1568704054157!5m2!1sfr!2sfr\" width=\"1600\" height=\"500\" frameborder=\"0\" style=\"border: 0;\" allowfullscreen=\"\"><\/iframe><\/pee>[\/et_pb_fullwidth_code][\/et_pb_section]<\/p>\n","protected":false},"excerpt":{"rendered":"<p>D\u00c9COLLETAGE HAUT DE GAMME Notre soci\u00e9t\u00e9 est \u00e9tablie \u00e0 La Chaux-de-Fonds, nous sommes sp\u00e9cialis\u00e9 dans le d\u00e9colletage\u00a0d&rsquo;horlogerie\u00a0et d&rsquo;autres secteurs d&rsquo;activit\u00e9. Notre entreprise se concentre dans la production de s\u00e9ries, prototypes, petites et moyennes s\u00e9ries. composants mouvements et de l&rsquo;\u00e9chappement, pi\u00e8ces microtechniques, taillage et roulage.MADE IN&rsquo;ART SA. D\u00e9colletage de pr\u00e9cision\u00a0 1-3 Boulevard des \u00c9platures 2300 La [&hellip;]<\/p>\n","protected":false},"author":1,"featured_media":0,"parent":0,"menu_order":0,"comment_status":"closed","ping_status":"closed","template":"","meta":{"_et_pb_use_builder":"on","_et_pb_old_content":"","_et_gb_content_width":"","footnotes":""},"class_list":["post-7","page","type-page","status-publish","hentry"],"_links":{"self":[{"href":"https:\/\/madeinartsa.ch\/index.php?rest_route=\/wp\/v2\/pages\/7","targetHints":{"allow":["GET"]}}],"collection":[{"href":"https:\/\/madeinartsa.ch\/index.php?rest_route=\/wp\/v2\/pages"}],"about":[{"href":"https:\/\/madeinartsa.ch\/index.php?rest_route=\/wp\/v2\/types\/page"}],"author":[{"embeddable":true,"href":"https:\/\/madeinartsa.ch\/index.php?rest_route=\/wp\/v2\/users\/1"}],"replies":[{"embeddable":true,"href":"https:\/\/madeinartsa.ch\/index.php?rest_route=%2Fwp%2Fv2%2Fcomments&post=7"}],"version-history":[{"count":59,"href":"https:\/\/madeinartsa.ch\/index.php?rest_route=\/wp\/v2\/pages\/7\/revisions"}],"predecessor-version":[{"id":213,"href":"https:\/\/madeinartsa.ch\/index.php?rest_route=\/wp\/v2\/pages\/7\/revisions\/213"}],"wp:attachment":[{"href":"https:\/\/madeinartsa.ch\/index.php?rest_route=%2Fwp%2Fv2%2Fmedia&parent=7"}],"curies":[{"name":"wp","href":"https:\/\/api.w.org\/{rel}","templated":true}]}}